{"id":25,"date":"2023-02-28T19:43:56","date_gmt":"2023-02-28T18:43:56","guid":{"rendered":"http:\/\/barmierzwice.pl\/?page_id=25"},"modified":"2023-03-04T16:48:59","modified_gmt":"2023-03-04T15:48:59","slug":"paintball","status":"publish","type":"page","link":"https:\/\/barmierzwice.pl\/","title":{"rendered":""},"content":{"rendered":"\n<p>Je\u015bli szukasz pomys\u0142u na ciekawe atrakcje blisko natury \u2013 XTREME to miejsce dla Ciebie. Znajdziesz nas w Mierzwicach, na terenie Nadbu\u017ca\u0144skiego Parku Krajobrazowego. Zapraszamy Ci\u0119 na nasz otoczony drzewami teren, gdzie aktywnie sp\u0119dzisz czas z dzie\u0107mi, zagrasz w bilard z przyjaci\u00f3\u0142mi, a nawet zorganizujesz swoj\u0105 imprez\u0119 firmow\u0105.<br><br><br><br><\/p>\n\n\n\n<p><\/p>\n\n\n\n<figure class=\"wp-block-gallery has-nested-images columns-default is-cropped wp-block-gallery-1 is-layout-flex wp-block-gallery-is-layout-flex\">\n<figure class=\"wp-block-image size-large\"><img loading=\"lazy\" decoding=\"async\" width=\"768\" height=\"1024\" data-id=\"14\" src=\"https:\/\/barmierzwice.pl\/wp-content\/uploads\/2023\/02\/5-768x1024.jpg\" alt=\"\" class=\"wp-image-14\" srcset=\"https:\/\/barmierzwice.pl\/wp-content\/uploads\/2023\/02\/5-768x1024.jpg 768w, https:\/\/barmierzwice.pl\/wp-content\/uploads\/2023\/02\/5-225x300.jpg 225w, https:\/\/barmierzwice.pl\/wp-content\/uploads\/2023\/02\/5-1152x1536.jpg 1152w, https:\/\/barmierzwice.pl\/wp-content\/uploads\/2023\/02\/5-1536x2048.jpg 1536w, https:\/\/barmierzwice.pl\/wp-content\/uploads\/2023\/02\/5-900x1200.jpg 900w, https:\/\/barmierzwice.pl\/wp-content\/uploads\/2023\/02\/5-500x667.jpg 500w, https:\/\/barmierzwice.pl\/wp-content\/uploads\/2023\/02\/5-scaled.jpg 1920w\" sizes=\"auto, (max-width: 768px) 100vw, 768px\" \/><\/figure>\n\n\n\n<figure class=\"wp-block-image size-large\"><img loading=\"lazy\" decoding=\"async\" width=\"1024\" height=\"678\" data-id=\"12\" src=\"https:\/\/barmierzwice.pl\/wp-content\/uploads\/2023\/02\/3-1024x678.jpg\" alt=\"\" class=\"wp-image-12\" srcset=\"https:\/\/barmierzwice.pl\/wp-content\/uploads\/2023\/02\/3-1024x678.jpg 1024w, https:\/\/barmierzwice.pl\/wp-content\/uploads\/2023\/02\/3-300x199.jpg 300w, https:\/\/barmierzwice.pl\/wp-content\/uploads\/2023\/02\/3-768x509.jpg 768w, https:\/\/barmierzwice.pl\/wp-content\/uploads\/2023\/02\/3-1536x1017.jpg 1536w, https:\/\/barmierzwice.pl\/wp-content\/uploads\/2023\/02\/3-2048x1356.jpg 2048w, https:\/\/barmierzwice.pl\/wp-content\/uploads\/2023\/02\/3-900x596.jpg 900w, https:\/\/barmierzwice.pl\/wp-content\/uploads\/2023\/02\/3-500x331.jpg 500w\" sizes=\"auto, (max-width: 1024px) 100vw, 1024px\" \/><\/figure>\n\n\n\n<figure class=\"wp-block-image size-large\"><img loading=\"lazy\" decoding=\"async\" width=\"1024\" height=\"678\" data-id=\"27\" src=\"https:\/\/barmierzwice.pl\/wp-content\/uploads\/2023\/02\/2-1-1024x678.jpg\" alt=\"\" class=\"wp-image-27\" srcset=\"https:\/\/barmierzwice.pl\/wp-content\/uploads\/2023\/02\/2-1-1024x678.jpg 1024w, https:\/\/barmierzwice.pl\/wp-content\/uploads\/2023\/02\/2-1-300x199.jpg 300w, https:\/\/barmierzwice.pl\/wp-content\/uploads\/2023\/02\/2-1-768x509.jpg 768w, https:\/\/barmierzwice.pl\/wp-content\/uploads\/2023\/02\/2-1-1536x1017.jpg 1536w, https:\/\/barmierzwice.pl\/wp-content\/uploads\/2023\/02\/2-1-2048x1356.jpg 2048w, https:\/\/barmierzwice.pl\/wp-content\/uploads\/2023\/02\/2-1-2000x1325.jpg 2000w\" sizes=\"auto, (max-width: 1024px) 100vw, 1024px\" \/><\/figure>\n\n\n\n<figure class=\"wp-block-image size-large\"><img loading=\"lazy\" decoding=\"async\" width=\"1024\" height=\"678\" data-id=\"23\" src=\"https:\/\/barmierzwice.pl\/wp-content\/uploads\/2023\/02\/17-1024x678.jpg\" alt=\"\" class=\"wp-image-23\" srcset=\"https:\/\/barmierzwice.pl\/wp-content\/uploads\/2023\/02\/17-1024x678.jpg 1024w, https:\/\/barmierzwice.pl\/wp-content\/uploads\/2023\/02\/17-300x199.jpg 300w, https:\/\/barmierzwice.pl\/wp-content\/uploads\/2023\/02\/17-768x509.jpg 768w, https:\/\/barmierzwice.pl\/wp-content\/uploads\/2023\/02\/17-1536x1017.jpg 1536w, https:\/\/barmierzwice.pl\/wp-content\/uploads\/2023\/02\/17-2048x1356.jpg 2048w, https:\/\/barmierzwice.pl\/wp-content\/uploads\/2023\/02\/17-2000x1325.jpg 2000w\" sizes=\"auto, (max-width: 1024px) 100vw, 1024px\" \/><\/figure>\n\n\n\n<figure class=\"wp-block-image size-full\"><img loading=\"lazy\" decoding=\"async\" width=\"960\" height=\"635\" data-id=\"39\" src=\"https:\/\/barmierzwice.pl\/wp-content\/uploads\/2023\/02\/21.jpg\" alt=\"\" class=\"wp-image-39\" srcset=\"https:\/\/barmierzwice.pl\/wp-content\/uploads\/2023\/02\/21.jpg 960w, https:\/\/barmierzwice.pl\/wp-content\/uploads\/2023\/02\/21-300x198.jpg 300w, https:\/\/barmierzwice.pl\/wp-content\/uploads\/2023\/02\/21-768x508.jpg 768w\" sizes=\"auto, (max-width: 960px) 100vw, 960px\" \/><\/figure>\n\n\n\n<figure class=\"wp-block-image size-large\"><img loading=\"lazy\" decoding=\"async\" width=\"1024\" height=\"768\" data-id=\"40\" src=\"https:\/\/barmierzwice.pl\/wp-content\/uploads\/2023\/02\/15-1024x768.jpg\" alt=\"\" class=\"wp-image-40\" srcset=\"https:\/\/barmierzwice.pl\/wp-content\/uploads\/2023\/02\/15-1024x768.jpg 1024w, https:\/\/barmierzwice.pl\/wp-content\/uploads\/2023\/02\/15-300x225.jpg 300w, https:\/\/barmierzwice.pl\/wp-content\/uploads\/2023\/02\/15-768x576.jpg 768w, https:\/\/barmierzwice.pl\/wp-content\/uploads\/2023\/02\/15-1536x1152.jpg 1536w, https:\/\/barmierzwice.pl\/wp-content\/uploads\/2023\/02\/15-2048x1536.jpg 2048w, https:\/\/barmierzwice.pl\/wp-content\/uploads\/2023\/02\/15-2000x1500.jpg 2000w\" sizes=\"auto, (max-width: 1024px) 100vw, 1024px\" \/><\/figure>\n<\/figure>\n\n\n\n<p><br><br><br><br><\/p>\n","protected":false},"excerpt":{"rendered":"<p>Je\u015bli szukasz pomys\u0142u na ciekawe atrakcje blisko natury \u2013 XTREME to miejsce dla Ciebie. Znajdziesz nas w Mierzwicach, na terenie Nadbu\u017ca\u0144skiego Parku Krajobrazowego. Zapraszamy Ci\u0119 na nasz otoczony drzewami teren, gdzie aktywnie sp\u0119dzisz czas z dzie\u0107mi, zagrasz w bilard z przyjaci\u00f3\u0142mi, a nawet zorganizujesz swoj\u0105 imprez\u0119 firmow\u0105.<\/p>\n","protected":false},"author":1,"featured_media":0,"parent":0,"menu_order":0,"comment_status":"closed","ping_status":"closed","template":"","meta":{"footnotes":""},"class_list":["post-25","page","type-page","status-publish","hentry"],"_links":{"self":[{"href":"https:\/\/barmierzwice.pl\/index.php\/wp-json\/wp\/v2\/pages\/25","targetHints":{"allow":["GET"]}}],"collection":[{"href":"https:\/\/barmierzwice.pl\/index.php\/wp-json\/wp\/v2\/pages"}],"about":[{"href":"https:\/\/barmierzwice.pl\/index.php\/wp-json\/wp\/v2\/types\/page"}],"author":[{"embeddable":true,"href":"https:\/\/barmierzwice.pl\/index.php\/wp-json\/wp\/v2\/users\/1"}],"replies":[{"embeddable":true,"href":"https:\/\/barmierzwice.pl\/index.php\/wp-json\/wp\/v2\/comments?post=25"}],"version-history":[{"count":13,"href":"https:\/\/barmierzwice.pl\/index.php\/wp-json\/wp\/v2\/pages\/25\/revisions"}],"predecessor-version":[{"id":178,"href":"https:\/\/barmierzwice.pl\/index.php\/wp-json\/wp\/v2\/pages\/25\/revisions\/178"}],"wp:attachment":[{"href":"https:\/\/barmierzwice.pl\/index.php\/wp-json\/wp\/v2\/media?parent=25"}],"curies":[{"name":"wp","href":"https:\/\/api.w.org\/{rel}","templated":true}]}}